{"id":511,"date":"2024-06-17T18:56:10","date_gmt":"2024-06-17T22:56:10","guid":{"rendered":"https:\/\/coachinghockey.com.ar\/?page_id=511"},"modified":"2024-08-06T06:58:48","modified_gmt":"2024-08-06T10:58:48","slug":"about-us","status":"publish","type":"page","link":"https:\/\/coachinghockey.com.ar\/es\/about-us\/","title":{"rendered":"About Us"},"content":{"rendered":"<div data-elementor-type=\"wp-page\" data-elementor-id=\"511\" class=\"elementor elementor-511\" data-elementor-post-type=\"page\">\n\t\t\t\t<div class=\"elementor-element elementor-element-cd71e8e e-flex e-con-boxed e-con e-parent\" data-id=\"cd71e8e\" data-element_type=\"container\" data-e-type=\"container\">\n\t\t\t\t\t<div class=\"e-con-inner\">\n\t\t<div class=\"elementor-element elementor-element-deed87a e-flex e-con-boxed e-con e-child\" data-id=\"deed87a\" data-element_type=\"container\" data-e-type=\"container\">\n\t\t\t\t\t<div class=\"e-con-inner\">\n\t\t\t\t<div class=\"elementor-element elementor-element-0fd082d elementor-widget elementor-widget-heading\" data-id=\"0fd082d\" data-element_type=\"widget\" data-e-type=\"widget\" data-widget_type=\"heading.default\">\n\t\t\t\t<div class=\"elementor-widget-container\">\n\t\t\t\t\t<h2 class=\"elementor-heading-title elementor-size-default\">Bienvenido a CoachingHockey<\/h2>\t\t\t\t<\/div>\n\t\t\t\t<\/div>\n\t\t\t\t<div class=\"elementor-element elementor-element-8108c9b elementor-widget elementor-widget-text-editor\" data-id=\"8108c9b\" data-element_type=\"widget\" data-e-type=\"widget\" data-widget_type=\"text-editor.default\">\n\t\t\t\t<div class=\"elementor-widget-container\">\n\t\t\t\t\t\t\t\t\t<p>El primer post de Coachinghockey fue el 27 de agosto de 2014. En ese entonces, s\u00f3lo era un blog para compartir algunas ideas, s\u00f3lo un experimento.<\/p><p>A trav\u00e9s de los a\u00f1os ha ido cambiando: algunos an\u00e1lisis con m\u00e1s profundidad de t\u00e1cticas y estad\u00edsticas, o incluso explicaciones en clips cortos en instagram.<\/p><p>Cuando empec\u00e9 a ser entrenador recuerdo lo dif\u00edcil que era el acceso a infomarci\u00f3n o presentaciones de hockey, incluso videos con c\u00e1maras t\u00e1cticas de la torre. El conocimiento en el Hockey era inaccesible para aquellos que apenas estaban empezando, quienes no eran parte del nivel elite.<\/p><p>Con el paso de  los a\u00f1os, tuve la suerte de conseguir algunas grandes oportunidades para acceder a algunas posiciones privilegiadas, trabajando en diferentes pa\u00edses, diferentes niveles, mientras conoc\u00eda gente incre\u00edble, quienes estaban dispuestos a compartir sus conocimientos.<\/p><p>La misi\u00f3n de CoachingHockey es conectar a la comunidad del hockey, con el fin de promover el intercambio de conocimiento.<\/p><p>Esto significa, compartir la informaci\u00f3n, pero, al mismo tiempo, simplificarla y hacerla accesible para todos.<\/p>\t\t\t\t\t\t\t\t<\/div>\n\t\t\t\t<\/div>\n\t\t\t\t\t<\/div>\n\t\t\t\t<\/div>\n\t\t<div class=\"elementor-element elementor-element-73b94a3 e-flex e-con-boxed e-con e-child\" data-id=\"73b94a3\" data-element_type=\"container\" data-e-type=\"container\" data-settings=\"{&quot;background_background&quot;:&quot;classic&quot;}\">\n\t\t\t\t\t<div class=\"e-con-inner\">\n\t\t\t\t\t<\/div>\n\t\t\t\t<\/div>\n\t\t\t\t\t<\/div>\n\t\t\t\t<\/div>\n\t\t\t\t<\/div>","protected":false},"excerpt":{"rendered":"<p>Welcome to coachinghockey CoachingHockey\u2019s first post was August 27th, 2014. Back then it was a simple blog to post some &hellip;<\/p>\n<p class=\"read-more\"> <a class=\"\" href=\"https:\/\/coachinghockey.com.ar\/es\/about-us\/\"> <span class=\"screen-reader-text\">About Us<\/span> Leer m\u00e1s &raquo;<\/a><\/p>","protected":false},"author":5,"featured_media":0,"parent":0,"menu_order":0,"comment_status":"closed","ping_status":"closed","template":"","meta":{"site-sidebar-layout":"no-sidebar","site-content-layout":"page-builder","ast-global-header-display":"","ast-banner-title-visibility":"","ast-main-header-display":"","ast-hfb-above-header-display":"","ast-hfb-below-header-display":"","ast-hfb-mobile-header-display":"","site-post-title":"disabled","ast-breadcrumbs-content":"","ast-featured-img":"disabled","footer-sml-layout":"","theme-transparent-header-meta":"","adv-header-id-meta":"","stick-header-meta":"","header-above-stick-meta":"","header-main-stick-meta":"","header-below-stick-meta":"","footnotes":""},"class_list":["post-511","page","type-page","status-publish","hentry"],"_links":{"self":[{"href":"https:\/\/coachinghockey.com.ar\/es\/wp-json\/wp\/v2\/pages\/511","targetHints":{"allow":["GET"]}}],"collection":[{"href":"https:\/\/coachinghockey.com.ar\/es\/wp-json\/wp\/v2\/pages"}],"about":[{"href":"https:\/\/coachinghockey.com.ar\/es\/wp-json\/wp\/v2\/types\/page"}],"author":[{"embeddable":true,"href":"https:\/\/coachinghockey.com.ar\/es\/wp-json\/wp\/v2\/users\/5"}],"replies":[{"embeddable":true,"href":"https:\/\/coachinghockey.com.ar\/es\/wp-json\/wp\/v2\/comments?post=511"}],"version-history":[{"count":13,"href":"https:\/\/coachinghockey.com.ar\/es\/wp-json\/wp\/v2\/pages\/511\/revisions"}],"predecessor-version":[{"id":729,"href":"https:\/\/coachinghockey.com.ar\/es\/wp-json\/wp\/v2\/pages\/511\/revisions\/729"}],"wp:attachment":[{"href":"https:\/\/coachinghockey.com.ar\/es\/wp-json\/wp\/v2\/media?parent=511"}],"curies":[{"name":"wp","href":"https:\/\/api.w.org\/{rel}","templated":true}]}}